{"id":8886,"date":"2024-08-09T11:28:01","date_gmt":"2024-08-09T11:28:01","guid":{"rendered":"https:\/\/www.springplank.org\/?page_id=8886"},"modified":"2026-02-27T13:49:17","modified_gmt":"2026-02-27T13:49:17","slug":"opvang-vluchtelingen","status":"publish","type":"page","link":"https:\/\/www.springplank.org\/en\/opvang-vluchtelingen\/","title":{"rendered":"Reception of refugees"},"content":{"rendered":"<div data-elementor-type=\"wp-page\" data-elementor-id=\"8886\" class=\"elementor elementor-8886\" data-elementor-post-type=\"page\">\n\t\t\t\t<div class=\"elementor-element elementor-element-057d1f5 e-con-full e-flex e-con e-parent\" data-id=\"057d1f5\" data-element_type=\"container\">\n\t\t<div class=\"elementor-element elementor-element-8d0f4dd e-con-full e-flex e-con e-child\" data-id=\"8d0f4dd\" data-element_type=\"container\">\n\t\t\t\t<div class=\"elementor-element elementor-element-a3c5238 elementor-widget__width-initial elementor-widget elementor-widget-heading\" data-id=\"a3c5238\" data-element_type=\"widget\" data-widget_type=\"heading.default\">\n\t\t\t\t<div class=\"elementor-widget-container\">\n\t\t\t\t\t<h2 class=\"elementor-heading-title elementor-size-default\"><span style=\"color: #d14d1e\">|<\/span>\u00a0Reception of refugees<\/h2>\t\t\t\t<\/div>\n\t\t\t\t<\/div>\n\t\t\t\t<div class=\"elementor-element elementor-element-feef50e elementor-widget__width-initial elementor-widget elementor-widget-text-editor\" data-id=\"feef50e\" data-element_type=\"widget\" data-widget_type=\"text-editor.default\">\n\t\t\t\t<div class=\"elementor-widget-container\">\n\t\t\t\t\t\t\t\t\tUkraine shelter\t\t\t\t\t\t\t\t<\/div>\n\t\t\t\t<\/div>\n\t\t\t\t<div class=\"elementor-element elementor-element-3a4b169 elementor-widget__width-initial elementor-invisible elementor-widget elementor-widget-text-editor\" data-id=\"3a4b169\" data-element_type=\"widget\" data-settings=\"{&quot;_animation&quot;:&quot;fadeInUp&quot;}\" data-widget_type=\"text-editor.default\">\n\t\t\t\t<div class=\"elementor-widget-container\">\n\t\t\t\t\t\t\t\t\t<p class=\"p1\"><strong>Since the outbreak of war in Ukraine, it has been helping <span class=\"s1\">Springplank with the Ukraine shelter in Eindhoven<\/span>, where we offer refugees a safe place and guidance. <span class=\"s1\">The Ukraine shelter Springplank<\/span> is part of our social commitment to give people perspective and peace of mind during a difficult period.<\/strong><\/p><p class=\"p1\">What started as an emergency crisis shelter in an event hall with space for 100 people has grown into long-term accommodation for currently 750 people spread across four group sites and 40 separate houses in the city. <span class=\"s1\">Here we provide not only shelter, but also support, activities and contact with local agencies to promote integration.<\/span><\/p><p class=\"p3\"><span class=\"s2\">Our social managers and site supervisors deal with resolving technical malfunctions, connecting residents with the appropriate support agencies and creating a safe living environment. <\/span>Working together with the Eindhoven municipality and civil society organisations, Ukraine shelter Springplank ensures that residents feel welcome and seen, and can work step by step towards a new future.<\/p>\t\t\t\t\t\t\t\t<\/div>\n\t\t\t\t<\/div>\n\t\t\t\t<\/div>\n\t\t<div class=\"elementor-element elementor-element-66f0ada e-con-full e-flex e-con e-child\" data-id=\"66f0ada\" data-element_type=\"container\" data-settings=\"{&quot;background_background&quot;:&quot;slideshow&quot;,&quot;background_slideshow_gallery&quot;:[{&quot;id&quot;:13607,&quot;url&quot;:&quot;https:\\\/\\\/www.springplank.org\\\/wp-content\\\/uploads\\\/2026\\\/02\\\/DSC_6852hr.webp&quot;},{&quot;id&quot;:13606,&quot;url&quot;:&quot;https:\\\/\\\/www.springplank.org\\\/wp-content\\\/uploads\\\/2026\\\/02\\\/DSC_0903.webp&quot;},{&quot;id&quot;:13608,&quot;url&quot;:&quot;https:\\\/\\\/www.springplank.org\\\/wp-content\\\/uploads\\\/2026\\\/02\\\/DSC_0907.webp&quot;},{&quot;id&quot;:13605,&quot;url&quot;:&quot;https:\\\/\\\/www.springplank.org\\\/wp-content\\\/uploads\\\/2026\\\/02\\\/DSC3067.webp&quot;},{&quot;id&quot;:13609,&quot;url&quot;:&quot;https:\\\/\\\/www.springplank.org\\\/wp-content\\\/uploads\\\/2026\\\/02\\\/DSC_2911.webp&quot;}],&quot;background_slideshow_slide_duration&quot;:1500,&quot;background_motion_fx_translateY_effect&quot;:&quot;yes&quot;,&quot;background_motion_fx_translateY_direction&quot;:&quot;negative&quot;,&quot;background_slideshow_loop&quot;:&quot;yes&quot;,&quot;background_slideshow_slide_transition&quot;:&quot;fade&quot;,&quot;background_slideshow_transition_duration&quot;:500,&quot;background_motion_fx_translateY_speed&quot;:{&quot;unit&quot;:&quot;px&quot;,&quot;size&quot;:4,&quot;sizes&quot;:[]},&quot;background_motion_fx_translateY_affectedRange&quot;:{&quot;unit&quot;:&quot;%&quot;,&quot;size&quot;:&quot;&quot;,&quot;sizes&quot;:{&quot;start&quot;:0,&quot;end&quot;:100}},&quot;background_motion_fx_devices&quot;:[&quot;desktop&quot;,&quot;tablet&quot;,&quot;mobile&quot;]}\">\n\t\t\t\t<\/div>\n\t\t\t\t<\/div>\n\t\t\t\t<\/div>","protected":false},"excerpt":{"rendered":"<p>|\u00a0Opvang vluchtelingen Oekra\u00efne opvang Sinds het uitbreken van de oorlog in Oekra\u00efne helpt Springplank met de Oekra\u00efne opvang in Eindhoven, waar we vluchtelingen een veilige plek en begeleiding bieden. De Oekra\u00efne opvang Springplank is onderdeel van onze maatschappelijke inzet om mensen perspectief en rust te geven in een moeilijke periode. Wat begon als crisisnoodopvang in [&hellip;]<\/p>","protected":false},"author":1,"featured_media":10379,"parent":0,"menu_order":0,"comment_status":"closed","ping_status":"closed","template":"elementor_header_footer","meta":{"give_campaign_id":0,"inline_featured_image":false,"footnotes":""},"class_list":["post-8886","page","type-page","status-publish","has-post-thumbnail","hentry"],"yoast_head":"<!-- This site is optimized with the Yoast SEO plugin v26.8 - https:\/\/yoast.com\/product\/yoast-seo-wordpress\/ -->\n<title>Oekra\u00efne opvang Springplank | Eindhoven<\/title>\n<meta name=\"description\" content=\"Springplank verzorgt opvang voor Oekra\u00efense vluchtelingen in Eindhoven en biedt hulp, begeleiding en een veilige woonomgeving.\" \/>\n<meta name=\"robots\" content=\"index, follow, max-snippet:-1, max-image-preview:large, max-video-preview:-1\" \/>\n<link rel=\"canonical\" href=\"https:\/\/www.springplank.org\/en\/opvang-vluchtelingen\/\" \/>\n<meta property=\"og:locale\" content=\"en_GB\" \/>\n<meta property=\"og:type\" content=\"article\" \/>\n<meta property=\"og:title\" content=\"Oekra\u00efne opvang Springplank | Eindhoven\" \/>\n<meta property=\"og:description\" content=\"Springplank verzorgt opvang voor Oekra\u00efense vluchtelingen in Eindhoven en biedt hulp, begeleiding en een veilige woonomgeving.\" \/>\n<meta property=\"og:url\" content=\"https:\/\/www.springplank.org\/en\/opvang-vluchtelingen\/\" \/>\n<meta property=\"og:site_name\" content=\"Springplank\" \/>\n<meta property=\"article:modified_time\" content=\"2026-02-27T13:49:17+00:00\" \/>\n<meta property=\"og:image\" content=\"https:\/\/www.springplank.org\/wp-content\/uploads\/2024\/10\/Oekraine-opvang.webp\" \/>\n\t<meta property=\"og:image:width\" content=\"2480\" \/>\n\t<meta property=\"og:image:height\" content=\"1785\" \/>\n\t<meta property=\"og:image:type\" content=\"image\/webp\" \/>\n<meta name=\"twitter:card\" content=\"summary_large_image\" \/>\n<meta name=\"twitter:label1\" content=\"Estimated reading time\" \/>\n\t<meta name=\"twitter:data1\" content=\"1 minute\" \/>\n<script type=\"application\/ld+json\" class=\"yoast-schema-graph\">{\"@context\":\"https:\/\/schema.org\",\"@graph\":[{\"@type\":\"WebPage\",\"@id\":\"https:\/\/www.springplank.org\/opvang-vluchtelingen\/\",\"url\":\"https:\/\/www.springplank.org\/opvang-vluchtelingen\/\",\"name\":\"Oekra\u00efne opvang Springplank | Eindhoven\",\"isPartOf\":{\"@id\":\"https:\/\/www.springplank.org\/#website\"},\"primaryImageOfPage\":{\"@id\":\"https:\/\/www.springplank.org\/opvang-vluchtelingen\/#primaryimage\"},\"image\":{\"@id\":\"https:\/\/www.springplank.org\/opvang-vluchtelingen\/#primaryimage\"},\"thumbnailUrl\":\"https:\/\/www.springplank.org\/wp-content\/uploads\/2024\/10\/Oekraine-opvang.webp\",\"datePublished\":\"2024-08-09T11:28:01+00:00\",\"dateModified\":\"2026-02-27T13:49:17+00:00\",\"description\":\"Springplank verzorgt opvang voor Oekra\u00efense vluchtelingen in Eindhoven en biedt hulp, begeleiding en een veilige woonomgeving.\",\"breadcrumb\":{\"@id\":\"https:\/\/www.springplank.org\/opvang-vluchtelingen\/#breadcrumb\"},\"inLanguage\":\"en-GB\",\"potentialAction\":[{\"@type\":\"ReadAction\",\"target\":[\"https:\/\/www.springplank.org\/opvang-vluchtelingen\/\"]}]},{\"@type\":\"ImageObject\",\"inLanguage\":\"en-GB\",\"@id\":\"https:\/\/www.springplank.org\/opvang-vluchtelingen\/#primaryimage\",\"url\":\"https:\/\/www.springplank.org\/wp-content\/uploads\/2024\/10\/Oekraine-opvang.webp\",\"contentUrl\":\"https:\/\/www.springplank.org\/wp-content\/uploads\/2024\/10\/Oekraine-opvang.webp\",\"width\":2480,\"height\":1785},{\"@type\":\"BreadcrumbList\",\"@id\":\"https:\/\/www.springplank.org\/opvang-vluchtelingen\/#breadcrumb\",\"itemListElement\":[{\"@type\":\"ListItem\",\"position\":1,\"name\":\"Home\",\"item\":\"https:\/\/www.springplank.org\/\"},{\"@type\":\"ListItem\",\"position\":2,\"name\":\"Opvang vluchtelingen\"}]},{\"@type\":\"WebSite\",\"@id\":\"https:\/\/www.springplank.org\/#website\",\"url\":\"https:\/\/www.springplank.org\/\",\"name\":\"Springplank\",\"description\":\"Eerst werk\",\"publisher\":{\"@id\":\"https:\/\/www.springplank.org\/#organization\"},\"potentialAction\":[{\"@type\":\"SearchAction\",\"target\":{\"@type\":\"EntryPoint\",\"urlTemplate\":\"https:\/\/www.springplank.org\/?s={search_term_string}\"},\"query-input\":{\"@type\":\"PropertyValueSpecification\",\"valueRequired\":true,\"valueName\":\"search_term_string\"}}],\"inLanguage\":\"en-GB\"},{\"@type\":\"Organization\",\"@id\":\"https:\/\/www.springplank.org\/#organization\",\"name\":\"Springplank\",\"url\":\"https:\/\/www.springplank.org\/\",\"logo\":{\"@type\":\"ImageObject\",\"inLanguage\":\"en-GB\",\"@id\":\"https:\/\/www.springplank.org\/#\/schema\/logo\/image\/\",\"url\":\"https:\/\/www.springplank.org\/wp-content\/uploads\/2021\/01\/cropped-logo.png\",\"contentUrl\":\"https:\/\/www.springplank.org\/wp-content\/uploads\/2021\/01\/cropped-logo.png\",\"width\":1508,\"height\":464,\"caption\":\"Springplank\"},\"image\":{\"@id\":\"https:\/\/www.springplank.org\/#\/schema\/logo\/image\/\"}}]}<\/script>\n<!-- \/ Yoast SEO plugin. -->","yoast_head_json":{"title":"Oekra\u00efne opvang Springplank | Eindhoven","description":"Springplank verzorgt opvang voor Oekra\u00efense vluchtelingen in Eindhoven en biedt hulp, begeleiding en een veilige woonomgeving.","robots":{"index":"index","follow":"follow","max-snippet":"max-snippet:-1","max-image-preview":"max-image-preview:large","max-video-preview":"max-video-preview:-1"},"canonical":"https:\/\/www.springplank.org\/en\/opvang-vluchtelingen\/","og_locale":"en_GB","og_type":"article","og_title":"Oekra\u00efne opvang Springplank | Eindhoven","og_description":"Springplank verzorgt opvang voor Oekra\u00efense vluchtelingen in Eindhoven en biedt hulp, begeleiding en een veilige woonomgeving.","og_url":"https:\/\/www.springplank.org\/en\/opvang-vluchtelingen\/","og_site_name":"Springplank","article_modified_time":"2026-02-27T13:49:17+00:00","og_image":[{"width":2480,"height":1785,"url":"https:\/\/www.springplank.org\/wp-content\/uploads\/2024\/10\/Oekraine-opvang.webp","type":"image\/webp"}],"twitter_card":"summary_large_image","twitter_misc":{"Estimated reading time":"1 minute"},"schema":{"@context":"https:\/\/schema.org","@graph":[{"@type":"WebPage","@id":"https:\/\/www.springplank.org\/opvang-vluchtelingen\/","url":"https:\/\/www.springplank.org\/opvang-vluchtelingen\/","name":"Oekra\u00efne opvang Springplank | Eindhoven","isPartOf":{"@id":"https:\/\/www.springplank.org\/#website"},"primaryImageOfPage":{"@id":"https:\/\/www.springplank.org\/opvang-vluchtelingen\/#primaryimage"},"image":{"@id":"https:\/\/www.springplank.org\/opvang-vluchtelingen\/#primaryimage"},"thumbnailUrl":"https:\/\/www.springplank.org\/wp-content\/uploads\/2024\/10\/Oekraine-opvang.webp","datePublished":"2024-08-09T11:28:01+00:00","dateModified":"2026-02-27T13:49:17+00:00","description":"Springplank verzorgt opvang voor Oekra\u00efense vluchtelingen in Eindhoven en biedt hulp, begeleiding en een veilige woonomgeving.","breadcrumb":{"@id":"https:\/\/www.springplank.org\/opvang-vluchtelingen\/#breadcrumb"},"inLanguage":"en-GB","potentialAction":[{"@type":"ReadAction","target":["https:\/\/www.springplank.org\/opvang-vluchtelingen\/"]}]},{"@type":"ImageObject","inLanguage":"en-GB","@id":"https:\/\/www.springplank.org\/opvang-vluchtelingen\/#primaryimage","url":"https:\/\/www.springplank.org\/wp-content\/uploads\/2024\/10\/Oekraine-opvang.webp","contentUrl":"https:\/\/www.springplank.org\/wp-content\/uploads\/2024\/10\/Oekraine-opvang.webp","width":2480,"height":1785},{"@type":"BreadcrumbList","@id":"https:\/\/www.springplank.org\/opvang-vluchtelingen\/#breadcrumb","itemListElement":[{"@type":"ListItem","position":1,"name":"Home","item":"https:\/\/www.springplank.org\/"},{"@type":"ListItem","position":2,"name":"Opvang vluchtelingen"}]},{"@type":"WebSite","@id":"https:\/\/www.springplank.org\/#website","url":"https:\/\/www.springplank.org\/","name":"Springplank","description":"First work","publisher":{"@id":"https:\/\/www.springplank.org\/#organization"},"potentialAction":[{"@type":"SearchAction","target":{"@type":"EntryPoint","urlTemplate":"https:\/\/www.springplank.org\/?s={search_term_string}"},"query-input":{"@type":"PropertyValueSpecification","valueRequired":true,"valueName":"search_term_string"}}],"inLanguage":"en-GB"},{"@type":"Organization","@id":"https:\/\/www.springplank.org\/#organization","name":"Springplank","url":"https:\/\/www.springplank.org\/","logo":{"@type":"ImageObject","inLanguage":"en-GB","@id":"https:\/\/www.springplank.org\/#\/schema\/logo\/image\/","url":"https:\/\/www.springplank.org\/wp-content\/uploads\/2021\/01\/cropped-logo.png","contentUrl":"https:\/\/www.springplank.org\/wp-content\/uploads\/2021\/01\/cropped-logo.png","width":1508,"height":464,"caption":"Springplank"},"image":{"@id":"https:\/\/www.springplank.org\/#\/schema\/logo\/image\/"}}]}},"campaignId":"","_links":{"self":[{"href":"https:\/\/www.springplank.org\/en\/wp-json\/wp\/v2\/pages\/8886","targetHints":{"allow":["GET"]}}],"collection":[{"href":"https:\/\/www.springplank.org\/en\/wp-json\/wp\/v2\/pages"}],"about":[{"href":"https:\/\/www.springplank.org\/en\/wp-json\/wp\/v2\/types\/page"}],"author":[{"embeddable":true,"href":"https:\/\/www.springplank.org\/en\/wp-json\/wp\/v2\/users\/1"}],"replies":[{"embeddable":true,"href":"https:\/\/www.springplank.org\/en\/wp-json\/wp\/v2\/comments?post=8886"}],"version-history":[{"count":34,"href":"https:\/\/www.springplank.org\/en\/wp-json\/wp\/v2\/pages\/8886\/revisions"}],"predecessor-version":[{"id":13612,"href":"https:\/\/www.springplank.org\/en\/wp-json\/wp\/v2\/pages\/8886\/revisions\/13612"}],"wp:featuredmedia":[{"embeddable":true,"href":"https:\/\/www.springplank.org\/en\/wp-json\/wp\/v2\/media\/10379"}],"wp:attachment":[{"href":"https:\/\/www.springplank.org\/en\/wp-json\/wp\/v2\/media?parent=8886"}],"curies":[{"name":"wp","href":"https:\/\/api.w.org\/{rel}","templated":true}]}}